{"id":141,"date":"2023-03-14T10:42:48","date_gmt":"2023-03-14T10:42:48","guid":{"rendered":"https:\/\/export.mercurytheme.com\/013\/?page_id=141"},"modified":"2023-03-14T10:42:48","modified_gmt":"2023-03-14T10:42:48","slug":"privacy-policy-2","status":"publish","type":"page","link":"https:\/\/1v1chat.cam\/sv\/privacy-policy-2\/","title":{"rendered":"Integritetspolicy"},"content":{"rendered":"<h2 class=\"wp-block-heading\">Vilka vi \u00e4r<\/h2>\n\n\n\n<p>V\u00e5r webbplatsadress \u00e4r: https:\/\/mercurytheme.com.<\/p>\n\n\n\n<h2 class=\"wp-block-heading\">Vilka personuppgifter vi samlar in och varf\u00f6r vi samlar in dem<\/h2>\n\n\n\n<h3 class=\"wp-block-heading\">Kommentarer<\/h3>\n\n\n\n<p>N\u00e4r bes\u00f6kare l\u00e4mnar kommentarer p\u00e5 webbplatsen samlar vi in informationen som visas i kommentarsformul\u00e4ret, samt bes\u00f6karens IP-adress och webbl\u00e4sarens user agent-str\u00e4ng f\u00f6r att hj\u00e4lpa till med att uppt\u00e4cka skr\u00e4ppost.<\/p>\n\n\n\n<p>En anonymiserad str\u00e4ng som skapats fr\u00e5n din e-postadress (\u00e4ven kallad hash) kan komma att tillhandah\u00e5llas Gravatar-tj\u00e4nsten f\u00f6r att se om du anv\u00e4nder den. Gravatar-tj\u00e4nstens integritetspolicy finns h\u00e4r: https:\/\/automattic.com\/privacy\/. Efter att din kommentar har godk\u00e4nts \u00e4r din profilbild synlig f\u00f6r allm\u00e4nheten i samband med din kommentar.<\/p>\n\n\n\n<h3 class=\"wp-block-heading\">Media<\/h3>\n\n\n\n<p>Om du laddar upp bilder till webbplatsen b\u00f6r du undvika att ladda upp bilder med inb\u00e4ddad platsdata (EXIF GPS). Bes\u00f6kare p\u00e5 webbplatsen kan ladda ner och extrahera platsdata fr\u00e5n bilder p\u00e5 webbplatsen.<\/p>\n\n\n\n<h3 class=\"wp-block-heading\">Kontaktformul\u00e4r<\/h3>\n\n\n\n<p>Cras in nisi id turpis cursus vulputate. Aliquam at sapien non tellus congue efficitur. Nam scelerisque quam quis turpis pellentesque, in placerat erat laoreet. Integer porttitor malesuada ante, nec aliquet dui pellentesque sit amet. Fusce non pretium lacus, id malesuada dui. Sed dapibus nec neque quis tempor. Pellentesque convallis sodales odio p\u00e5 varius. Fusce id odio sit amet mi convallis lacinia. Vivamus vel facilisis ante, ac aliquet turpis. Nam vel sapien a ligula mollis accumsan.<\/p>\n\n\n\n<h3 class=\"wp-block-heading\">Sm\u00e5kakor<\/h3>\n\n\n\n<p>Om du l\u00e4mnar en kommentar p\u00e5 v\u00e5r webbplats kan du v\u00e4lja att spara ditt namn, din e-postadress och webbplats i cookies. Dessa \u00e4r till f\u00f6r din bekv\u00e4mlighet s\u00e5 att du inte beh\u00f6ver fylla i dina uppgifter igen n\u00e4r du l\u00e4mnar en annan kommentar. Dessa cookies \u00e4r giltiga i ett \u00e5r.<\/p>\n\n\n\n<p>Om du bes\u00f6ker v\u00e5r inloggningssida kommer vi att placera en tillf\u00e4llig cookie f\u00f6r att avg\u00f6ra om din webbl\u00e4sare accepterar cookies. Denna cookie inneh\u00e5ller inga personuppgifter och raderas n\u00e4r du st\u00e4nger din webbl\u00e4sare.<\/p>\n\n\n\n<p>N\u00e4r du loggar in kommer vi ocks\u00e5 att st\u00e4lla in flera cookies f\u00f6r att spara din inloggningsinformation och dina sk\u00e4rmvisningsval. Inloggningscookies varar i tv\u00e5 dagar och cookies f\u00f6r sk\u00e4rminst\u00e4llningar varar i ett \u00e5r. Om du v\u00e4ljer &quot;Kom ih\u00e5g mig&quot; kommer din inloggning att finnas kvar i tv\u00e5 veckor. Om du loggar ut fr\u00e5n ditt konto kommer inloggningscookies att tas bort.<\/p>\n\n\n\n<p>Om du redigerar eller publicerar en artikel sparas en extra cookie i din webbl\u00e4sare. Denna cookie inneh\u00e5ller inga personuppgifter och anger helt enkelt inl\u00e4ggs-ID:t f\u00f6r den artikel du just redigerade. Den upph\u00f6r att g\u00e4lla efter 1 dag.<\/p>\n\n\n\n<h3 class=\"wp-block-heading\">Inb\u00e4ddat inneh\u00e5ll fr\u00e5n andra webbplatser<\/h3>\n\n\n\n<p>Artiklar p\u00e5 denna webbplats kan inneh\u00e5lla inb\u00e4ddat inneh\u00e5ll (t.ex. videor, bilder, artiklar etc.). Inb\u00e4ddat inneh\u00e5ll fr\u00e5n andra webbplatser beter sig p\u00e5 exakt samma s\u00e4tt som om bes\u00f6karen har bes\u00f6kt den andra webbplatsen.<\/p>\n\n\n\n<p>Dessa webbplatser kan samla in data om dig, anv\u00e4nda cookies, b\u00e4dda in ytterligare sp\u00e5rning fr\u00e5n tredje part och \u00f6vervaka din interaktion med det inb\u00e4ddade inneh\u00e5llet, inklusive att sp\u00e5ra din interaktion med det inb\u00e4ddade inneh\u00e5llet om du har ett konto och \u00e4r inloggad p\u00e5 webbplatsen.<\/p>\n\n\n\n<h3 class=\"wp-block-heading\">Analys<\/h3>\n\n\n\n<p>Cras in nisi id turpis cursus vulputate. Aliquam at sapien non tellus congue efficitur. Nam scelerisque quam quis turpis pellentesque, in placerat erat laoreet. Integer porttitor malesuada ante, nec aliquet dui pellentesque sit amet. Fusce non pretium lacus, id malesuada dui. Sed dapibus nec neque quis tempor. Pellentesque convallis sodales odio p\u00e5 varius. Fusce id odio sit amet mi convallis lacinia. Vivamus vel facilisis ante, ac aliquet turpis. Nam vel sapien a ligula mollis accumsan.<\/p>\n\n\n\n<h2 class=\"wp-block-heading\">Vilka vi delar dina uppgifter med<\/h2>\n\n\n\n<p>Nulla in condimentum sem, id tempus enim. Praesent auctor tristique eros, eget convallis leo. Nam dictum eleifend justo ac porta. Etiam congue varius justo ut finibus. Curabitur non elit eget urna faucibus bibendum a sed lorem. Etiam placerat malesuada lacus vel volutpat. Quisque a eros felis. Donec ante nibh, pharetra eget nunc nec, bibendum blandit risus. Aliquam sagittis lorem ac felis sollicitudin, at porta tortor dictum. Maecenas dapibus libero tellus, ut posuere augue malesuada ut. Mauris ac maximus ante, porttitor viverra orci. Cras dignissim, risus non iaculis faucibus, arcu odio efficitur magna, vid congue eros mauris sit amet nisi. Klass aptent taciti sociosqu ad litora torquent per conubia nostra, per inceptos himenaeos.<\/p>\n\n\n\n<h2 class=\"wp-block-heading\">Hur l\u00e4nge vi sparar dina uppgifter<\/h2>\n\n\n\n<p>Om du l\u00e4mnar en kommentar sparas kommentaren och dess metadata p\u00e5 obest\u00e4md tid. Detta g\u00f6r att vi kan k\u00e4nna igen och godk\u00e4nna eventuella uppf\u00f6ljningskommentarer automatiskt ist\u00e4llet f\u00f6r att h\u00e5lla dem i en modereringsk\u00f6.<\/p>\n\n\n\n<p>F\u00f6r anv\u00e4ndare som registrerar sig p\u00e5 v\u00e5r webbplats (om n\u00e5gon) lagrar vi \u00e4ven den personliga information de anger i sin anv\u00e4ndarprofil. Alla anv\u00e4ndare kan se, redigera eller radera sin personliga information n\u00e4r som helst (f\u00f6rutom att de inte kan \u00e4ndra sitt anv\u00e4ndarnamn). Webbplatsadministrat\u00f6rer kan ocks\u00e5 se och redigera den informationen.<\/p>\n\n\n\n<h2 class=\"wp-block-heading\">Vilka r\u00e4ttigheter du har \u00f6ver dina uppgifter<\/h2>\n\n\n\n<p>Om du har ett konto p\u00e5 den h\u00e4r webbplatsen, eller har l\u00e4mnat kommentarer, kan du beg\u00e4ra att f\u00e5 en exporterad fil med de personuppgifter vi har om dig, inklusive alla uppgifter du har l\u00e4mnat till oss. Du kan ocks\u00e5 beg\u00e4ra att vi raderar alla personuppgifter vi har om dig. Detta inkluderar inte uppgifter som vi \u00e4r skyldiga att beh\u00e5lla av administrativa, juridiska eller s\u00e4kerhetsm\u00e4ssiga sk\u00e4l.<\/p>\n\n\n\n<h2 class=\"wp-block-heading\">Vart vi skickar dina uppgifter<\/h2>\n\n\n\n<p>Bes\u00f6kares kommentarer kan kontrolleras via en automatiserad skr\u00e4ppostdetekteringstj\u00e4nst.<\/p>\n\n\n\n<h2 class=\"wp-block-heading\">Dina kontaktuppgifter<\/h2>\n\n\n\n<p>Nulla in condimentum sem, id tempus enim. Praesent auctor tristique eros, eget convallis leo. Nam dictum eleifend justo ac porta. Etiam congue varius justo ut finibus. Curabitur non elit eget urna faucibus bibendum a sed lorem. Etiam placerat malesuada lacus vel volutpat. Quisque a eros felis. Donec ante nibh, pharetra eget nunc nec, bibendum blandit risus. Aliquam sagittis lorem ac felis sollicitudin, at porta tortor dictum. Maecenas dapibus libero tellus, ut posuere augue malesuada ut. Mauris ac maximus ante, porttitor viverra orci. Cras dignissim, risus non iaculis faucibus, arcu odio efficitur magna, vid congue eros mauris sit amet nisi. Klass aptent taciti sociosqu ad litora torquent per conubia nostra, per inceptos himenaeos.<\/p>\n\n\n\n<h2 class=\"wp-block-heading\">Ytterligare information<\/h2>\n\n\n\n<p>Klass aptent taciti sociosqu ad litora torquent per conubia nostra, per inceptos himenaeos. In tempus, erat eget tincidunt elementum, mauris quam laoreet erat, in porttitor sem eros sit amet nibh. Nulla sit amet volutpat risus. Maecenas pharetra nisl nec egestas sollicitudin.<\/p>\n\n\n\n<h3 class=\"wp-block-heading\">Hur vi skyddar dina uppgifter<\/h3>\n\n\n\n<p>Donec nec eros quis urna rhoncus tempor nec eget augue. Orci varius natoque penatibus et magnis dis parturient montes, nascetur ridiculus mus. Aenean posuere augue libero, vitae accumsan lacus efficitur vel. Nam tristique aliquet eros, nec elementum nisi.<\/p>\n\n\n\n<h3 class=\"wp-block-heading\">Vilka rutiner f\u00f6r dataintr\u00e5ng vi har p\u00e5 plats<\/h3>\n\n\n\n<p>Cras sapien ex, finibus ut interdum a, varius hendrerit felis. Ut lobortis lorem sit amet dolor sagittis, vel blandit massa porttitor. Aliquam erat volutpat. Duis tincidunt, turpis ut porta malesuada, ante felis lobortis ante, in eleifend nibh nisl quis nibh. Lorem ipsum dolor sit amet, consectetur adipiscing elit. Duis id rhoncus augue, at consectetur metus. Curabitur sodales massa sit amet sem tincidunt feugiat. Fusce malesuada nisl eget nibh accumsan consectetur. Sed suscipit congue hendrerit. Ut ut erat lorem.<\/p>\n\n\n\n<h3 class=\"wp-block-heading\">Vilka tredje parter vi f\u00e5r data fr\u00e5n<\/h3>\n\n\n\n<p>Praesent magna lacus, faucibus ac sapien vel, efficitur ullamcorper ipsum. Maecenas varius risus at ipsum hendrerit, non aliquet sem scelerisque. Vestibulum vel augue eget nibh laoreet facilisis ut ultricies sapien. Aliquam sit amet velit egestas, ultrices lacus ut, elementum sapien.<\/p>\n\n\n\n<h3 class=\"wp-block-heading\">Vilket automatiserat beslutsfattande och\/eller profilering vi g\u00f6r med anv\u00e4ndardata<\/h3>\n\n\n\n<p>Fusce eget augue commodo mi sollicitudin finibus. Donec bibendum augue in erat porttitor, id pharetra purus mattis. Heltal gravida ornare auktor. Sed mauris libero, pretium consectetur cursus eu, blandit at arcu. Morbi justo turpis, vulputate et elementum non, dapibus at ante. Morbi id augue id justo pulvinar elementum. Donec volutpat quam quis porta maximus.<\/p>\n\n\n\n<h3 class=\"wp-block-heading\">Branschregleringskrav f\u00f6r offentligg\u00f6rande<\/h3>\n\n\n\n<p>Etiam congue varius justo ut finibus. Curabitur non elit eget urna faucibus bibendum a sed lorem. Etiam placerat malesuada lacus vel volutpat. Quisque a eros felis. Donec ante nibh, pharetra eget nunc nec, bibendum blandit risus. Aliquam sagittis lorem ac felis sollicitudin, at porta tortor dictum. Maecenas dapibus libero tellus, ut posuere augue malesuada ut. Mauris ac maximus ante, porttitor viverra orci. Cras dignissim, risus non iaculis faucibus, arcu odio efficitur magna, vid congue eros mauris sit amet nisi. Klass aptent taciti sociosqu ad litora torquent per conubia nostra, per inceptos himenaeos.<\/p>","protected":false},"excerpt":{"rendered":"<p>Who we are Our website address is: https:\/\/mercurytheme.com. What personal data we collect and why we collect it Comments When visitors leave comments on the site we collect the data shown in the comments form, and also the visitor\u2019s IP address and browser user agent string to help spam detection. An anonymized string created from [&hellip;]<\/p>\n","protected":false},"author":1,"featured_media":0,"parent":0,"menu_order":0,"comment_status":"closed","ping_status":"closed","template":"","meta":{"footnotes":""},"class_list":["post-141","page","type-page","status-publish","hentry"],"_links":{"self":[{"href":"https:\/\/1v1chat.cam\/sv\/wp-json\/wp\/v2\/pages\/141","targetHints":{"allow":["GET"]}}],"collection":[{"href":"https:\/\/1v1chat.cam\/sv\/wp-json\/wp\/v2\/pages"}],"about":[{"href":"https:\/\/1v1chat.cam\/sv\/wp-json\/wp\/v2\/types\/page"}],"author":[{"embeddable":true,"href":"https:\/\/1v1chat.cam\/sv\/wp-json\/wp\/v2\/users\/1"}],"replies":[{"embeddable":true,"href":"https:\/\/1v1chat.cam\/sv\/wp-json\/wp\/v2\/comments?post=141"}],"version-history":[{"count":1,"href":"https:\/\/1v1chat.cam\/sv\/wp-json\/wp\/v2\/pages\/141\/revisions"}],"predecessor-version":[{"id":321,"href":"https:\/\/1v1chat.cam\/sv\/wp-json\/wp\/v2\/pages\/141\/revisions\/321"}],"wp:attachment":[{"href":"https:\/\/1v1chat.cam\/sv\/wp-json\/wp\/v2\/media?parent=141"}],"curies":[{"name":"wp","href":"https:\/\/api.w.org\/{rel}","templated":true}]}}