{"id":141,"date":"2023-03-14T10:42:48","date_gmt":"2023-03-14T10:42:48","guid":{"rendered":"https:\/\/export.mercurytheme.com\/013\/?page_id=141"},"modified":"2023-03-14T10:42:48","modified_gmt":"2023-03-14T10:42:48","slug":"privacy-policy-2","status":"publish","type":"page","link":"https:\/\/1v1chat.cam\/sl\/privacy-policy-2\/","title":{"rendered":"Pravilnik o zasebnosti"},"content":{"rendered":"<h2 class=\"wp-block-heading\">Kdo smo<\/h2>\n\n\n\n<p>Naslov na\u0161e spletne strani je: https:\/\/mercurytheme.com.<\/p>\n\n\n\n<h2 class=\"wp-block-heading\">Katere osebne podatke zbiramo in zakaj jih zbiramo<\/h2>\n\n\n\n<h3 class=\"wp-block-heading\">Komentarji<\/h3>\n\n\n\n<p>Ko obiskovalci pustijo komentarje na spletnem mestu, zbiramo podatke, prikazane v obrazcu za komentarje, ter IP-naslov obiskovalca in niz uporabni\u0161kega agenta brskalnika, da bi la\u017eje odkrili ne\u017eeleno po\u0161to.<\/p>\n\n\n\n<p>Storitvi Gravatar se lahko posreduje anonimiziran niz, ustvarjen iz va\u0161ega e-po\u0161tnega naslova (imenovan tudi zgo\u0161\u010dena vrednost), da se preveri, ali jo uporabljate. Pravilnik o zasebnosti storitve Gravatar je na voljo tukaj: https:\/\/automattic.com\/privacy\/. Po odobritvi va\u0161ega komentarja je va\u0161a profilna slika vidna javnosti v kontekstu va\u0161ega komentarja.<\/p>\n\n\n\n<h3 class=\"wp-block-heading\">Mediji<\/h3>\n\n\n\n<p>\u010ce nalagate slike na spletno mesto, se izogibajte nalaganju slik z vdelanimi podatki o lokaciji (EXIF GPS). Obiskovalci spletnega mesta lahko prenesejo in izvle\u010dejo poljubne podatke o lokaciji s slik na spletnem mestu.<\/p>\n\n\n\n<h3 class=\"wp-block-heading\">Kontaktni obrazci<\/h3>\n\n\n\n<p>Cras in nisi id turpis cursus vulputate. Aliquam in sapien non tellus congue efficitur. Nam scelerisque quam quis turpis pellentesque, in placerat erat laoreet. Integer porttitor malesuada ante, nec aliquet dui pellentesque sit amet. Fusce non pretium lacus, id malesuada dui. Sed dapibus nec neque quis tempor. Pellentesque convallis sodales odio at varius. Fusce id odio sit amet mi convallis lacinia. Vivamus vel facilisis ante, ac aliquet turpis. Nam vel sapien a ligula mollis accumsan.<\/p>\n\n\n\n<h3 class=\"wp-block-heading\">Pi\u0161kotki<\/h3>\n\n\n\n<p>\u010ce na na\u0161i spletni strani pustite komentar, se lahko odlo\u010dite za shranjevanje svojega imena, e-po\u0161tnega naslova in spletnega mesta v pi\u0161kotkih. Ti pi\u0161kotki so namenjeni va\u0161emu udobju, da vam ni treba ponovno izpolnjevati svojih podatkov, ko pustite naslednji komentar. Ti pi\u0161kotki trajajo eno leto.<\/p>\n\n\n\n<p>\u010ce obi\u0161\u010dete na\u0161o prijavno stran, bomo nastavili za\u010dasni pi\u0161kotek, da ugotovimo, ali va\u0161 brskalnik sprejema pi\u0161kotke. Ta pi\u0161kotek ne vsebuje osebnih podatkov in se zavr\u017ee, ko zaprete brskalnik.<\/p>\n\n\n\n<p>Ko se prijavite, bomo nastavili tudi ve\u010d pi\u0161kotkov za shranjevanje va\u0161ih prijavnih podatkov in izbir prikaza zaslona. Prijavni pi\u0161kotki trajajo dva dni, pi\u0161kotki z mo\u017enostmi zaslona pa eno leto. \u010ce izberete \u00bbZapomni si me\u00ab, bo va\u0161a prijava trajala dva tedna. \u010ce se odjavite iz ra\u010duna, bodo prijavni pi\u0161kotki odstranjeni.<\/p>\n\n\n\n<p>\u010ce uredite ali objavite \u010dlanek, se v va\u0161em brskalniku shrani dodaten pi\u0161kotek. Ta pi\u0161kotek ne vsebuje osebnih podatkov in zgolj ozna\u010duje ID objave \u010dlanka, ki ste ga pravkar uredili. Pote\u010de po enem dnevu.<\/p>\n\n\n\n<h3 class=\"wp-block-heading\">Vdelana vsebina z drugih spletnih mest<\/h3>\n\n\n\n<p>\u010clanki na tem spletnem mestu lahko vsebujejo vdelano vsebino (npr. videoposnetke, slike, \u010dlanke itd.). Vdelana vsebina z drugih spletnih mest se obna\u0161a popolnoma enako, kot \u010de bi obiskovalec obiskal drugo spletno mesto.<\/p>\n\n\n\n<p>Ta spletna mesta lahko zbirajo podatke o vas, uporabljajo pi\u0161kotke, vgrajujejo dodatno sledenje tretjih oseb in spremljajo va\u0161o interakcijo s to vdelano vsebino, vklju\u010dno s sledenjem va\u0161e interakcije z vdelano vsebino, \u010de imate ra\u010dun in ste prijavljeni na tem spletnem mestu.<\/p>\n\n\n\n<h3 class=\"wp-block-heading\">Analitika<\/h3>\n\n\n\n<p>Cras in nisi id turpis cursus vulputate. Aliquam in sapien non tellus congue efficitur. Nam scelerisque quam quis turpis pellentesque, in placerat erat laoreet. Integer porttitor malesuada ante, nec aliquet dui pellentesque sit amet. Fusce non pretium lacus, id malesuada dui. Sed dapibus nec neque quis tempor. Pellentesque convallis sodales odio at varius. Fusce id odio sit amet mi convallis lacinia. Vivamus vel facilisis ante, ac aliquet turpis. Nam vel sapien a ligula mollis accumsan.<\/p>\n\n\n\n<h2 class=\"wp-block-heading\">S kom delimo va\u0161e podatke<\/h2>\n\n\n\n<p>Nulla in condimentum sem, id tempus enim. Praesent auctor tristique eros, eget convallis leo. Nam dictum eleifend justo ac porta. Etiam congue varius justo ut finibus. Curabitur non elit eget urna faucibus bibendum a sed lorem. Etiam placerat malesuada lacus vel volutpat. Quisque a eros felis. Donec ante nibh, pharetra eget nunc nec, bibendum blandit risus. Aliquam sagittis lorem ac felis sollicitudin, at porta tortor dictum. Maecenas dapibus libero tellus, ut posuere augue malesuada ut. Mauris ac maximus ante, porttitor viverra orci. Cras dignissim, risus non iaculis faucibus, arcu odio efficitur magna, at congue eros mauris sit amet nisi. Razred aptent taciti sociosqu ad litora torquent per conubia nostra, per inceptos himenaeos.<\/p>\n\n\n\n<h2 class=\"wp-block-heading\">Kako dolgo hranimo va\u0161e podatke<\/h2>\n\n\n\n<p>\u010ce pustite komentar, se komentar in njegovi metapodatki hranijo za nedolo\u010den \u010das. To je zato, da lahko samodejno prepoznamo in odobrimo morebitne nadaljnje komentarje, namesto da jih zadr\u017eimo v \u010dakalni vrsti za moderiranje.<\/p>\n\n\n\n<p>Za uporabnike, ki se registrirajo na na\u0161i spletni strani (\u010de obstajajo), shranimo tudi osebne podatke, ki jih posredujejo, v njihovem uporabni\u0161kem profilu. Vsi uporabniki si lahko kadar koli ogledajo, uredijo ali izbri\u0161ejo svoje osebne podatke (razen \u010de ne morejo spremeniti svojega uporabni\u0161kega imena). Tudi skrbniki spletne strani si lahko ogledajo in uredijo te podatke.<\/p>\n\n\n\n<h2 class=\"wp-block-heading\">Katere pravice imate glede svojih podatkov<\/h2>\n\n\n\n<p>\u010ce imate na tem spletnem mestu ra\u010dun ali ste pustili komentarje, lahko zahtevate prejem izvo\u017eene datoteke z osebnimi podatki, ki jih hranimo o vas, vklju\u010dno z vsemi podatki, ki ste nam jih posredovali. Zahtevate lahko tudi, da izbri\u0161emo vse osebne podatke, ki jih hranimo o vas. To ne vklju\u010duje podatkov, ki jih moramo hraniti za administrativne, pravne ali varnostne namene.<\/p>\n\n\n\n<h2 class=\"wp-block-heading\">Kam po\u0161iljamo va\u0161e podatke<\/h2>\n\n\n\n<p>Komentarje obiskovalcev je mogo\u010de preveriti s storitvijo za avtomatizirano zaznavanje ne\u017eelene po\u0161te.<\/p>\n\n\n\n<h2 class=\"wp-block-heading\">Va\u0161i kontaktni podatki<\/h2>\n\n\n\n<p>Nulla in condimentum sem, id tempus enim. Praesent auctor tristique eros, eget convallis leo. Nam dictum eleifend justo ac porta. Etiam congue varius justo ut finibus. Curabitur non elit eget urna faucibus bibendum a sed lorem. Etiam placerat malesuada lacus vel volutpat. Quisque a eros felis. Donec ante nibh, pharetra eget nunc nec, bibendum blandit risus. Aliquam sagittis lorem ac felis sollicitudin, at porta tortor dictum. Maecenas dapibus libero tellus, ut posuere augue malesuada ut. Mauris ac maximus ante, porttitor viverra orci. Cras dignissim, risus non iaculis faucibus, arcu odio efficitur magna, at congue eros mauris sit amet nisi. Razred aptent taciti sociosqu ad litora torquent per conubia nostra, per inceptos himenaeos.<\/p>\n\n\n\n<h2 class=\"wp-block-heading\">Dodatne informacije<\/h2>\n\n\n\n<p>Razred aptent taciti sociosqu ad litora torquent per conubia nostra, per inceptos himenaeos. In tempus, erat eget tincidunt elementum, mauris quam laoreet erat, in porttitor sem eros sit amet nibh. Nulla sit amet volutpat risus. Maecenas pharetra nisl nec egestas sollicitudin.<\/p>\n\n\n\n<h3 class=\"wp-block-heading\">Kako varujemo va\u0161e podatke<\/h3>\n\n\n\n<p>Donec nec eros quis urna rhoncus tempor nec eget augue. Orci varius natoque penatibus et magnis dis parturient montes, nascetur ridiculus mus. Aenean posuere augue libero, vitae accumsan lacus efficitur vel. Nam tristique aliquet eros, nec elementum nisi.<\/p>\n\n\n\n<h3 class=\"wp-block-heading\">Katere postopke imamo vzpostavljene v primeru kr\u0161itve podatkov<\/h3>\n\n\n\n<p>Cras sapien ex, finibus ut interdum a, varius hendrerit felis. Ut lobortis lorem sit amet dolor sagittis, vel blandit massa porttitor. Aliquam erat volutpat. Duis tincidunt, turpis ut porta malesuada, ante felis lobortis ante, in eleifend nibh nisl quis nibh. Lorem ipsum dolor sit amet, consectetur adipiscing elit. Duis id rhoncus augue, at consectetur metus. Curabitur sodales massa sit amet sem tincidunt feugiat. Fusce malesuada nisl eget nibh accumsan consectetur. Sed suscipit congue hendrerit. Ut ut erat lorem.<\/p>\n\n\n\n<h3 class=\"wp-block-heading\">Od katerih tretjih oseb prejemamo podatke<\/h3>\n\n\n\n<p>Praesent magna lacus, faucibus ac sapien vel, efficitur ullamcorper ipsum. Maecenas varius risus in ipsum hendrerit, non aliquet sem scelerisque. Vestibulum vel augue eget nibh laoreet facilisis ut ultricies sapien. Aliquam sit amet velit egestas, ultrices lacus ut, elementum sapien.<\/p>\n\n\n\n<h3 class=\"wp-block-heading\">Kak\u0161no avtomatizirano odlo\u010danje in\/ali profiliranje izvajamo z uporabni\u0161kimi podatki<\/h3>\n\n\n\n<p>Fusce eget augue commodo mi sollicitudin finibus. Donec bibendum augue in erat porttitor, id pharetra purus mattis. Integer gravida ornare auctor. Sed mauris libero, pretium consectetur cursus eu, blandit at arcu. Morbi justo turpis, vulputate et elementum non, dapibus at ante. Morbi id augue id justo pulvinar elementum. Donec volutpat quam quis porta maximus.<\/p>\n\n\n\n<h3 class=\"wp-block-heading\">Zahteve glede razkritja v panogi<\/h3>\n\n\n\n<p>Etiam congue varius justo ut finibus. Curabitur non elit eget urna faucibus bibendum a sed lorem. Etiam placerat malesuada lacus vel volutpat. Quisque a eros felis. Donec ante nibh, pharetra eget nunc nec, bibendum blandit risus. Aliquam sagittis lorem ac felis sollicitudin, at porta tortor dictum. Maecenas dapibus libero tellus, ut posuere augue malesuada ut. Mauris ac maximus ante, porttitor viverra orci. Cras dignissim, risus non iaculis faucibus, arcu odio efficitur magna, at congue eros mauris sit amet nisi. Razred aptent taciti sociosqu ad litora torquent per conubia nostra, per inceptos himenaeos.<\/p>","protected":false},"excerpt":{"rendered":"<p>Who we are Our website address is: https:\/\/mercurytheme.com. What personal data we collect and why we collect it Comments When visitors leave comments on the site we collect the data shown in the comments form, and also the visitor\u2019s IP address and browser user agent string to help spam detection. An anonymized string created from [&hellip;]<\/p>\n","protected":false},"author":1,"featured_media":0,"parent":0,"menu_order":0,"comment_status":"closed","ping_status":"closed","template":"","meta":{"footnotes":""},"class_list":["post-141","page","type-page","status-publish","hentry"],"_links":{"self":[{"href":"https:\/\/1v1chat.cam\/sl\/wp-json\/wp\/v2\/pages\/141","targetHints":{"allow":["GET"]}}],"collection":[{"href":"https:\/\/1v1chat.cam\/sl\/wp-json\/wp\/v2\/pages"}],"about":[{"href":"https:\/\/1v1chat.cam\/sl\/wp-json\/wp\/v2\/types\/page"}],"author":[{"embeddable":true,"href":"https:\/\/1v1chat.cam\/sl\/wp-json\/wp\/v2\/users\/1"}],"replies":[{"embeddable":true,"href":"https:\/\/1v1chat.cam\/sl\/wp-json\/wp\/v2\/comments?post=141"}],"version-history":[{"count":1,"href":"https:\/\/1v1chat.cam\/sl\/wp-json\/wp\/v2\/pages\/141\/revisions"}],"predecessor-version":[{"id":321,"href":"https:\/\/1v1chat.cam\/sl\/wp-json\/wp\/v2\/pages\/141\/revisions\/321"}],"wp:attachment":[{"href":"https:\/\/1v1chat.cam\/sl\/wp-json\/wp\/v2\/media?parent=141"}],"curies":[{"name":"wp","href":"https:\/\/api.w.org\/{rel}","templated":true}]}}