{"id":141,"date":"2023-03-14T10:42:48","date_gmt":"2023-03-14T10:42:48","guid":{"rendered":"https:\/\/export.mercurytheme.com\/013\/?page_id=141"},"modified":"2023-03-14T10:42:48","modified_gmt":"2023-03-14T10:42:48","slug":"privacy-policy-2","status":"publish","type":"page","link":"https:\/\/1v1chat.cam\/nb\/privacy-policy-2\/","title":{"rendered":"Personvernerkl\u00e6ring"},"content":{"rendered":"<h2 class=\"wp-block-heading\">Hvem vi er<\/h2>\n\n\n\n<p>Nettadressen v\u00e5r er: https:\/\/mercurytheme.com.<\/p>\n\n\n\n<h2 class=\"wp-block-heading\">Hvilke personopplysninger vi samler inn og hvorfor vi samler dem inn<\/h2>\n\n\n\n<h3 class=\"wp-block-heading\">Kommentarer<\/h3>\n\n\n\n<p>N\u00e5r bes\u00f8kende legger igjen kommentarer p\u00e5 nettstedet, samler vi inn dataene som vises i kommentarskjemaet, i tillegg til den bes\u00f8kendes IP-adresse og nettleserens brukeragentstreng for \u00e5 hjelpe med \u00e5 oppdage spam.<\/p>\n\n\n\n<p>En anonymisert streng opprettet fra e-postadressen din (ogs\u00e5 kalt en hash) kan bli gitt til Gravatar-tjenesten for \u00e5 se om du bruker den. Gravatar-tjenestens personvernregler er tilgjengelig her: https:\/\/automattic.com\/privacy\/. Etter at kommentaren din er godkjent, er profilbildet ditt synlig for offentligheten i konteksten av kommentaren din.<\/p>\n\n\n\n<h3 class=\"wp-block-heading\">Media<\/h3>\n\n\n\n<p>Hvis du laster opp bilder til nettstedet, b\u00f8r du unng\u00e5 \u00e5 laste opp bilder med innebygde posisjonsdata (EXIF GPS). Bes\u00f8kende p\u00e5 nettstedet kan laste ned og hente ut posisjonsdata fra bilder p\u00e5 nettstedet.<\/p>\n\n\n\n<h3 class=\"wp-block-heading\">Kontaktskjemaer<\/h3>\n\n\n\n<p>Cras in nisi id turpis cursus vulputate. Aliquam at sapien non tellus congue efficitur. Nam scelerisque quam quis turpis pellentesque, i plassert erat laoreet. Heltall porttitor malesuada ante, nec aliquet dui pellentesque sit amet. Fusce non pretium lacus, id malesuada dui. Sed dapibus nec neque quis tempor. Pellentesque convallis sodales odio at varius. Fusce id odio sit amet mi convallis lacinia. Vivamus vel facilisis ante, ac aliquet turpis. Nam vel sapien a ligula mollis accumsan.<\/p>\n\n\n\n<h3 class=\"wp-block-heading\">Informasjonskapsler<\/h3>\n\n\n\n<p>Hvis du legger igjen en kommentar p\u00e5 nettstedet v\u00e5rt, kan du velge \u00e5 lagre navn, e-postadresse og nettsted i informasjonskapsler. Disse er for din bekvemmelighet, slik at du ikke trenger \u00e5 fylle ut informasjonen din p\u00e5 nytt n\u00e5r du legger igjen en ny kommentar. Disse informasjonskapslene varer i ett \u00e5r.<\/p>\n\n\n\n<p>Hvis du bes\u00f8ker innloggingssiden v\u00e5r, vil vi sette en midlertidig informasjonskapsel for \u00e5 avgj\u00f8re om nettleseren din godtar informasjonskapsler. Denne informasjonskapselen inneholder ingen personopplysninger og forkastes n\u00e5r du lukker nettleseren.<\/p>\n\n\n\n<p>N\u00e5r du logger deg inn, vil vi ogs\u00e5 sette opp flere informasjonskapsler for \u00e5 lagre innloggingsinformasjonen din og skjermvisningsvalgene dine. Innloggingsinformasjonskapsler varer i to dager, og informasjonskapsler for skjermvalg varer i ett \u00e5r. Hvis du velger \u00abHusk meg\u00bb, vil innloggingen din lagres i to uker. Hvis du logger deg ut av kontoen din, vil innloggingsinformasjonskapslene bli fjernet.<\/p>\n\n\n\n<p>Hvis du redigerer eller publiserer en artikkel, lagres en ekstra informasjonskapsel i nettleseren din. Denne informasjonskapselen inneholder ingen personopplysninger og angir kun innleggs-ID-en til artikkelen du nettopp redigerte. Den utl\u00f8per etter 1 dag.<\/p>\n\n\n\n<h3 class=\"wp-block-heading\">Innebygd innhold fra andre nettsteder<\/h3>\n\n\n\n<p>Artikler p\u00e5 dette nettstedet kan inneholde innebygd innhold (f.eks. videoer, bilder, artikler osv.). Innebygd innhold fra andre nettsteder oppf\u00f8rer seg p\u00e5 n\u00f8yaktig samme m\u00e5te som om den bes\u00f8kende har bes\u00f8kt det andre nettstedet.<\/p>\n\n\n\n<p>Disse nettstedene kan samle inn data om deg, bruke informasjonskapsler, legge inn ytterligere tredjepartssporing og overv\u00e5ke samhandlingen din med det innebygde innholdet, inkludert sporing av samhandlingen din med det innebygde innholdet hvis du har en konto og er logget inn p\u00e5 det nettstedet.<\/p>\n\n\n\n<h3 class=\"wp-block-heading\">Analyse<\/h3>\n\n\n\n<p>Cras in nisi id turpis cursus vulputate. Aliquam at sapien non tellus congue efficitur. Nam scelerisque quam quis turpis pellentesque, i plassert erat laoreet. Heltall porttitor malesuada ante, nec aliquet dui pellentesque sit amet. Fusce non pretium lacus, id malesuada dui. Sed dapibus nec neque quis tempor. Pellentesque convallis sodales odio at varius. Fusce id odio sit amet mi convallis lacinia. Vivamus vel facilisis ante, ac aliquet turpis. Nam vel sapien a ligula mollis accumsan.<\/p>\n\n\n\n<h2 class=\"wp-block-heading\">Hvem vi deler dataene dine med<\/h2>\n\n\n\n<p>Nulla in condimentum sem, id tempus enim. Praesent auctor tristique eros, eget convallis leo. Nam dictum eleifend justo ac porta. Etiam congue varius justo ut finibus. Curabitur non elit eget urna faucibus bibendum a sed lorem. Etiam plassert malesuada lacus vel volutpat. Quisque a eros felis. Donec ante nibh, pharetra eget nunc nec, bibendum blandit risus. Aliquam sagittis lorem ac felis sollicitudin, ved porta tortor dictum. Maecenas dapibus libero tellus, ut posuere augue malesuada ut. Mauris ac maximus ante, porttitor viverra orci. Cras dignissim, risus non iaculis faucibus, arcu odio efficitur magna, at congue eros mauris sit amet nisi. Klasse aptent taciti sociosqu ad litora torquent per conubia nostra, per inceptos himenaeos.<\/p>\n\n\n\n<h2 class=\"wp-block-heading\">Hvor lenge vi oppbevarer dataene dine<\/h2>\n\n\n\n<p>Hvis du legger igjen en kommentar, lagres kommentaren og metadataene p\u00e5 ubestemt tid. Dette er slik at vi kan gjenkjenne og godkjenne eventuelle oppf\u00f8lgingskommentarer automatisk i stedet for \u00e5 sette dem i en modereringsk\u00f8.<\/p>\n\n\n\n<p>For brukere som registrerer seg p\u00e5 nettstedet v\u00e5rt (hvis noen), lagrer vi ogs\u00e5 den personlige informasjonen de oppgir i brukerprofilen sin. Alle brukere kan se, redigere eller slette sin personlige informasjon n\u00e5r som helst (med unntak av at de ikke kan endre brukernavnet sitt). Nettstedsadministratorer kan ogs\u00e5 se og redigere denne informasjonen.<\/p>\n\n\n\n<h2 class=\"wp-block-heading\">Hvilke rettigheter du har over dataene dine<\/h2>\n\n\n\n<p>Hvis du har en konto p\u00e5 dette nettstedet, eller har lagt igjen kommentarer, kan du be om \u00e5 motta en eksportert fil av personopplysningene vi har om deg, inkludert data du har gitt oss. Du kan ogs\u00e5 be om at vi sletter personopplysninger vi har om deg. Dette inkluderer ikke data vi er forpliktet til \u00e5 oppbevare av administrative, juridiske eller sikkerhetsmessige \u00e5rsaker.<\/p>\n\n\n\n<h2 class=\"wp-block-heading\">Hvor vi sender dataene dine<\/h2>\n\n\n\n<p>Bes\u00f8kendes kommentarer kan bli sjekket via en automatisert spam-deteksjonstjeneste.<\/p>\n\n\n\n<h2 class=\"wp-block-heading\">Din kontaktinformasjon<\/h2>\n\n\n\n<p>Nulla in condimentum sem, id tempus enim. Praesent auctor tristique eros, eget convallis leo. Nam dictum eleifend justo ac porta. Etiam congue varius justo ut finibus. Curabitur non elit eget urna faucibus bibendum a sed lorem. Etiam plassert malesuada lacus vel volutpat. Quisque a eros felis. Donec ante nibh, pharetra eget nunc nec, bibendum blandit risus. Aliquam sagittis lorem ac felis sollicitudin, ved porta tortor dictum. Maecenas dapibus libero tellus, ut posuere augue malesuada ut. Mauris ac maximus ante, porttitor viverra orci. Cras dignissim, risus non iaculis faucibus, arcu odio efficitur magna, at congue eros mauris sit amet nisi. Klasse aptent taciti sociosqu ad litora torquent per conubia nostra, per inceptos himenaeos.<\/p>\n\n\n\n<h2 class=\"wp-block-heading\">Tilleggsinformasjon<\/h2>\n\n\n\n<p>Klasse aptent taciti sociosqu ad litora torquent per conubia nostra, per inceptos himenaeos. I tempus, erat eget tincidunt elementum, mauris quam laoreet erat, i porttitor sem eros sit amet nibh. Nulla sit amet volutpat risus. Maecenas pharetra nisl nec egestas sollicitudin.<\/p>\n\n\n\n<h3 class=\"wp-block-heading\">Hvordan vi beskytter dataene dine<\/h3>\n\n\n\n<p>Donec nec eros quis urna rhoncus tempor nec eget augue. Orci varius natoque penatibus et magnis dis parturient montes, nascetur ridiculus mus. Aenean posuere augue libero, vitae accumsan lacus efficitur vel. Nam tristique aliquet eros, nec elementum nisi.<\/p>\n\n\n\n<h3 class=\"wp-block-heading\">Hvilke prosedyrer for datainnbrudd har vi p\u00e5 plass<\/h3>\n\n\n\n<p>Cras sapien ex, finibus ut interdum a, varius hendrerit felis. Ut lobortis lorem sit amet dolor sagittis, vel blandit massa porttitor. Aliquam erat volutpat. Duis tincidunt, turpis ut porta malesuada, ante felis lobortis ante, i eleifend nibh nisl quis nibh. Lorem ipsum dolor sit amet, consectetur adipiscing elit. Duis id rhoncus augue, at consectetur metus. Curabitur sodales massa sit amet sem tincidunt feugiat. Fusce malesuada nisl eget nibh accumsan consectetur. Sed suscipit congue hendrerit. Ut ut erat lorem.<\/p>\n\n\n\n<h3 class=\"wp-block-heading\">Hvilke tredjeparter vi mottar data fra<\/h3>\n\n\n\n<p>Praesent magna lacus, faucibus ac sapien vel, efficitur ullamcorper ipsum. Maecenas varius risus at ipsum hendrerit, non aliquet sem scelerisque. Vestibulum vel augue eget nibh laoreet facilisis ut ultricies sapien. Aliquam sit amet velit egestas, ultrices lacus ut, elementum sapien.<\/p>\n\n\n\n<h3 class=\"wp-block-heading\">Hvilken automatisert beslutningstaking og\/eller profilering vi gj\u00f8r med brukerdata<\/h3>\n\n\n\n<p>Fusce eget auge commodo mi sollicitudin finibus. Donec bibendum augue in erat porttitor, id pharetra purus mattis. Heltall gravida ornare auctor. Sed mauris libero, pretium consectetur cursus eu, blandit at arcu. Morbi justo turpis, vulputate et elementum non, dapibus at ante. Morbi id augue id justo pulvinar elementum. Donec volutpat quam quis porta maximus.<\/p>\n\n\n\n<h3 class=\"wp-block-heading\">Krav til offentliggj\u00f8ring i bransjen<\/h3>\n\n\n\n<p>Etiam congue varius justo ut finibus. Curabitur non elit eget urna faucibus bibendum a sed lorem. Etiam plassert malesuada lacus vel volutpat. Quisque a eros felis. Donec ante nibh, pharetra eget nunc nec, bibendum blandit risus. Aliquam sagittis lorem ac felis sollicitudin, ved porta tortor dictum. Maecenas dapibus libero tellus, ut posuere augue malesuada ut. Mauris ac maximus ante, porttitor viverra orci. Cras dignissim, risus non iaculis faucibus, arcu odio efficitur magna, at congue eros mauris sit amet nisi. Klasse aptent taciti sociosqu ad litora torquent per conubia nostra, per inceptos himenaeos.<\/p>","protected":false},"excerpt":{"rendered":"<p>Who we are Our website address is: https:\/\/mercurytheme.com. What personal data we collect and why we collect it Comments When visitors leave comments on the site we collect the data shown in the comments form, and also the visitor\u2019s IP address and browser user agent string to help spam detection. An anonymized string created from [&hellip;]<\/p>\n","protected":false},"author":1,"featured_media":0,"parent":0,"menu_order":0,"comment_status":"closed","ping_status":"closed","template":"","meta":{"footnotes":""},"class_list":["post-141","page","type-page","status-publish","hentry"],"_links":{"self":[{"href":"https:\/\/1v1chat.cam\/nb\/wp-json\/wp\/v2\/pages\/141","targetHints":{"allow":["GET"]}}],"collection":[{"href":"https:\/\/1v1chat.cam\/nb\/wp-json\/wp\/v2\/pages"}],"about":[{"href":"https:\/\/1v1chat.cam\/nb\/wp-json\/wp\/v2\/types\/page"}],"author":[{"embeddable":true,"href":"https:\/\/1v1chat.cam\/nb\/wp-json\/wp\/v2\/users\/1"}],"replies":[{"embeddable":true,"href":"https:\/\/1v1chat.cam\/nb\/wp-json\/wp\/v2\/comments?post=141"}],"version-history":[{"count":1,"href":"https:\/\/1v1chat.cam\/nb\/wp-json\/wp\/v2\/pages\/141\/revisions"}],"predecessor-version":[{"id":321,"href":"https:\/\/1v1chat.cam\/nb\/wp-json\/wp\/v2\/pages\/141\/revisions\/321"}],"wp:attachment":[{"href":"https:\/\/1v1chat.cam\/nb\/wp-json\/wp\/v2\/media?parent=141"}],"curies":[{"name":"wp","href":"https:\/\/api.w.org\/{rel}","templated":true}]}}