{"id":141,"date":"2023-03-14T10:42:48","date_gmt":"2023-03-14T10:42:48","guid":{"rendered":"https:\/\/export.mercurytheme.com\/013\/?page_id=141"},"modified":"2023-03-14T10:42:48","modified_gmt":"2023-03-14T10:42:48","slug":"privacy-policy-2","status":"publish","type":"page","link":"https:\/\/1v1chat.cam\/hr\/privacy-policy-2\/","title":{"rendered":"Pravila o privatnosti"},"content":{"rendered":"<h2 class=\"wp-block-heading\">Tko smo mi<\/h2>\n\n\n\n<p>Adresa na\u0161e web stranice je: https:\/\/mercurytheme.com.<\/p>\n\n\n\n<h2 class=\"wp-block-heading\">Koje osobne podatke prikupljamo i za\u0161to ih prikupljamo<\/h2>\n\n\n\n<h3 class=\"wp-block-heading\">Komentari<\/h3>\n\n\n\n<p>Kada posjetitelji ostavljaju komentare na stranici, prikupljamo podatke prikazane u obrascu za komentare, kao i IP adresu posjetitelja i niz korisni\u010dkog agenta preglednika kako bismo pomogli u otkrivanju ne\u017eeljene po\u0161te.<\/p>\n\n\n\n<p>Anonimizirani niz podataka generiran iz va\u0161e adrese e-po\u0161te (tako\u0111er nazvan hash) mo\u017ee se dostaviti usluzi Gravatar kako bi se vidjelo koristite li je. Pravila privatnosti usluge Gravatar dostupna su ovdje: https:\/\/automattic.com\/privacy\/. Nakon odobrenja va\u0161eg komentara, va\u0161a profilna slika vidljiva je javnosti u kontekstu va\u0161eg komentara.<\/p>\n\n\n\n<h3 class=\"wp-block-heading\">Mediji<\/h3>\n\n\n\n<p>Ako prenosite slike na web-stranicu, trebali biste izbjegavati prenos slika s ugra\u0111enim podacima o lokaciji (EXIF GPS). Posjetitelji web-stranice mogu preuzeti i izdvojiti bilo koje podatke o lokaciji sa slika na web-stranici.<\/p>\n\n\n\n<h3 class=\"wp-block-heading\">Kontaktni obrasci<\/h3>\n\n\n\n<p>Cras in nisi id turpis cursus vulputate. Aliquam at sapien non tellus congue efficitur. Nam scelerisque quam quis turpis pellentesque, in placerat erat laoreet. Integer porttitor malesuada ante, nec aliquet dui pellentesque sit amet. Fusce non pretium lacus, id malesuada dui. Sed dapibus nec neque quis tempor. Pellentesque convallis sodales odio at varius. Fusce id odio sit amet mi convallis lacinia. Vivamus vel facilisis ante, ac aliquet turpis. Nam vel sapien a ligula mollis accumsan.<\/p>\n\n\n\n<h3 class=\"wp-block-heading\">Kola\u010di\u0107i<\/h3>\n\n\n\n<p>Ako ostavite komentar na na\u0161oj stranici, mo\u017eete se prijaviti za spremanje va\u0161eg imena, adrese e-po\u0161te i web-stranice u kola\u010di\u0107e. To je za va\u0161u udobnost kako ne biste morali ponovno unositi svoje podatke kada ostavite sljede\u0107i komentar. Ovi kola\u010di\u0107i traju godinu dana.<\/p>\n\n\n\n<p>Ako posjetite na\u0161u stranicu za prijavu, postavit \u0107emo privremeni kola\u010di\u0107 kako bismo utvrdili prihva\u0107a li va\u0161 preglednik kola\u010di\u0107e. Ovaj kola\u010di\u0107 ne sadr\u017ei osobne podatke i odbacuje se kada zatvorite preglednik.<\/p>\n\n\n\n<p>Kada se prijavite, postavit \u0107emo i nekoliko kola\u010di\u0107a za spremanje va\u0161ih podataka za prijavu i va\u0161ih odabira prikaza zaslona. Kola\u010di\u0107i za prijavu traju dva dana, a kola\u010di\u0107i za opcije zaslona traju godinu dana. Ako odaberete &quot;Zapamti me&quot;, va\u0161a \u0107e prijava trajati dva tjedna. Ako se odjavite s ra\u010duna, kola\u010di\u0107i za prijavu bit \u0107e uklonjeni.<\/p>\n\n\n\n<p>Ako uredite ili objavite \u010dlanak, u va\u0161em \u0107e se pregledniku spremiti dodatni kola\u010di\u0107. Ovaj kola\u010di\u0107 ne sadr\u017ei osobne podatke i jednostavno ozna\u010dava ID objave \u010dlanka koji ste upravo uredili. Istje\u010de nakon 1 dana.<\/p>\n\n\n\n<h3 class=\"wp-block-heading\">Ugra\u0111eni sadr\u017eaj s drugih web stranica<\/h3>\n\n\n\n<p>\u010clanci na ovoj stranici mogu uklju\u010divati ugra\u0111eni sadr\u017eaj (npr. videozapise, slike, \u010dlanke itd.). Ugra\u0111eni sadr\u017eaj s drugih web stranica pona\u0161a se na potpuno isti na\u010din kao da je posjetitelj posjetio drugu web stranicu.<\/p>\n\n\n\n<p>Ove web stranice mogu prikupljati podatke o vama, koristiti kola\u010di\u0107e, ugraditi dodatno pra\u0107enje tre\u0107ih strana i pratiti va\u0161u interakciju s tim ugra\u0111enim sadr\u017eajem, uklju\u010duju\u0107i pra\u0107enje va\u0161e interakcije s ugra\u0111enim sadr\u017eajem ako imate ra\u010dun i prijavljeni ste na tu web stranicu.<\/p>\n\n\n\n<h3 class=\"wp-block-heading\">Analitika<\/h3>\n\n\n\n<p>Cras in nisi id turpis cursus vulputate. Aliquam at sapien non tellus congue efficitur. Nam scelerisque quam quis turpis pellentesque, in placerat erat laoreet. Integer porttitor malesuada ante, nec aliquet dui pellentesque sit amet. Fusce non pretium lacus, id malesuada dui. Sed dapibus nec neque quis tempor. Pellentesque convallis sodales odio at varius. Fusce id odio sit amet mi convallis lacinia. Vivamus vel facilisis ante, ac aliquet turpis. Nam vel sapien a ligula mollis accumsan.<\/p>\n\n\n\n<h2 class=\"wp-block-heading\">S kim dijelimo va\u0161e podatke<\/h2>\n\n\n\n<p>Nulla in condimentum sem, id tempus enim. Praesent auctor tristique eros, eget convallis leo. Nam dictum eleifend justo ac porta. Etiam congue varius justo ut finibus. Curabitur non elit eget urna faucibus bibendum a sed lorem. Etiam placerat malesuada lacus vel volutpat. Quisque a eros felis. Donec ante nibh, pharetra eget nunc nec, bibendum blandit risus. Aliquam sagittis lorem ac felis sollicitudin, at porta tortor dictum. Mecenas dapibus libero tellus, ut posuere augue malesuada ut. Mauris ac maximus ante, porttitor viverra orci. Cras dignissim, risus non iaculis faucibus, arcu odio efficitur magna, at congue eros mauris sit amet nisi. Class aptent taciti sociosqu ad litora torquent per conubia nostra, per inceptos himenaeos.<\/p>\n\n\n\n<h2 class=\"wp-block-heading\">Koliko dugo \u010duvamo va\u0161e podatke<\/h2>\n\n\n\n<p>Ako ostavite komentar, komentar i njegovi metapodaci \u010duvaju se neograni\u010deno. To je kako bismo mogli automatski prepoznati i odobriti sve naknadne komentare umjesto da ih dr\u017eimo u redu za moderiranje.<\/p>\n\n\n\n<p>Za korisnike koji se registriraju na na\u0161oj web stranici (ako ih ima), osobne podatke koje navedu pohranjujemo i u njihovom korisni\u010dkom profilu. Svi korisnici mogu vidjeti, urediti ili izbrisati svoje osobne podatke u bilo kojem trenutku (osim \u0161to ne mogu promijeniti svoje korisni\u010dko ime). Administratori web stranice tako\u0111er mogu vidjeti i urediti te podatke.<\/p>\n\n\n\n<h2 class=\"wp-block-heading\">Koja prava imate nad svojim podacima<\/h2>\n\n\n\n<p>Ako imate ra\u010dun na ovoj stranici ili ste ostavili komentare, mo\u017eete zatra\u017eiti da primite izvezenu datoteku s osobnim podacima koje imamo o vama, uklju\u010duju\u0107i sve podatke koje ste nam dostavili. Tako\u0111er mo\u017eete zatra\u017eiti da izbri\u0161emo sve osobne podatke koje imamo o vama. To ne uklju\u010duje podatke koje smo du\u017eni \u010duvati u administrativne, pravne ili sigurnosne svrhe.<\/p>\n\n\n\n<h2 class=\"wp-block-heading\">Kamo \u0161aljemo va\u0161e podatke<\/h2>\n\n\n\n<p>Komentari posjetitelja mogu se provjeriti putem automatizirane usluge za otkrivanje ne\u017eeljene po\u0161te.<\/p>\n\n\n\n<h2 class=\"wp-block-heading\">Va\u0161i kontaktni podaci<\/h2>\n\n\n\n<p>Nulla in condimentum sem, id tempus enim. Praesent auctor tristique eros, eget convallis leo. Nam dictum eleifend justo ac porta. Etiam congue varius justo ut finibus. Curabitur non elit eget urna faucibus bibendum a sed lorem. Etiam placerat malesuada lacus vel volutpat. Quisque a eros felis. Donec ante nibh, pharetra eget nunc nec, bibendum blandit risus. Aliquam sagittis lorem ac felis sollicitudin, at porta tortor dictum. Mecenas dapibus libero tellus, ut posuere augue malesuada ut. Mauris ac maximus ante, porttitor viverra orci. Cras dignissim, risus non iaculis faucibus, arcu odio efficitur magna, at congue eros mauris sit amet nisi. Class aptent taciti sociosqu ad litora torquent per conubia nostra, per inceptos himenaeos.<\/p>\n\n\n\n<h2 class=\"wp-block-heading\">Dodatne informacije<\/h2>\n\n\n\n<p>Class aptent taciti sociosqu ad litora torquent per conubia nostra, per inceptos himenaeos. In tempus, erat eget tincidunt elementum, mauris quam laoreet erat, in porttitor sem eros sit amet nibh. Nulla sit amet volutpat risus. Mecenas pharetra nisl nec egestas sollicitudin.<\/p>\n\n\n\n<h3 class=\"wp-block-heading\">Kako \u0161titimo va\u0161e podatke<\/h3>\n\n\n\n<p>Donec nec eros quis urna rhoncus tempor nec eget augue. Orci varius natoque penatibus et magnis dis parturient montes, nascetur ridiculus mus. Aenean posuere augue libero, vitae accumsan lacus efficitur vel. Nam tristique aliquet eros, nec elementum nisi.<\/p>\n\n\n\n<h3 class=\"wp-block-heading\">Koje postupke imamo u slu\u010daju kr\u0161enja podataka<\/h3>\n\n\n\n<p>Cras sapien ex, finibus ut interdum a, varius hendrerit felis. Ut lobortis lorem sit amet dolor sagittis, vel blandit massa porttitor. Aliquam erat volutpat. Duis tincidunt, turpis ut porta malesuada, ante felis lobortis ante, in eleifend nibh nisl quis nibh. Lorem ipsum dolor sit amet, consectetur adipiscing elit. Duis id rhoncus augue, at consectetur metus. Curabitur sodales massa sit amet sem tincidunt feugiat. Fusce malesuada nisl eget nibh accumsan consectetur. Sed suscipit congue hendrerit. Ut ut erat lorem.<\/p>\n\n\n\n<h3 class=\"wp-block-heading\">Od kojih tre\u0107ih strana primamo podatke<\/h3>\n\n\n\n<p>Praesent magna lacus, faucibus ac sapien vel, efficitur ullamcorper ipsum. Mecenas varius risus i ipsum hendrerit, non aliquet sem scelerisque. Vestibulum vel augue eget nibh laoreet facilisis ut ultricies sapien. Aliquam sit amet velit egestas, ultrices lacus ut, elementum sapien.<\/p>\n\n\n\n<h3 class=\"wp-block-heading\">Kakvo automatizirano dono\u0161enje odluka i\/ili profiliranje radimo s korisni\u010dkim podacima<\/h3>\n\n\n\n<p>Fusce eget augue commodo mi sollicitudin finibus. Donec bibendum augue in erat porttitor, id pharetra purus mattis. Integer gravida ornare auctor. Sed mauris libero, pretium consectetur cursus eu, blandit at arcu. Morbi justo turpis, vulputate et elementum non, dapibus at ante. Morbi id augue id justo pulvinar elementum. Donec volutpat quam quis porta maximus.<\/p>\n\n\n\n<h3 class=\"wp-block-heading\">Zahtjevi za objavljivanje informacija regulatornim organima u industriji<\/h3>\n\n\n\n<p>Etiam congue varius justo ut finibus. Curabitur non elit eget urna faucibus bibendum a sed lorem. Etiam placerat malesuada lacus vel volutpat. Quisque a eros felis. Donec ante nibh, pharetra eget nunc nec, bibendum blandit risus. Aliquam sagittis lorem ac felis sollicitudin, at porta tortor dictum. Mecenas dapibus libero tellus, ut posuere augue malesuada ut. Mauris ac maximus ante, porttitor viverra orci. Cras dignissim, risus non iaculis faucibus, arcu odio efficitur magna, at congue eros mauris sit amet nisi. Class aptent taciti sociosqu ad litora torquent per conubia nostra, per inceptos himenaeos.<\/p>","protected":false},"excerpt":{"rendered":"<p>Who we are Our website address is: https:\/\/mercurytheme.com. What personal data we collect and why we collect it Comments When visitors leave comments on the site we collect the data shown in the comments form, and also the visitor\u2019s IP address and browser user agent string to help spam detection. An anonymized string created from [&hellip;]<\/p>\n","protected":false},"author":1,"featured_media":0,"parent":0,"menu_order":0,"comment_status":"closed","ping_status":"closed","template":"","meta":{"footnotes":""},"class_list":["post-141","page","type-page","status-publish","hentry"],"_links":{"self":[{"href":"https:\/\/1v1chat.cam\/hr\/wp-json\/wp\/v2\/pages\/141","targetHints":{"allow":["GET"]}}],"collection":[{"href":"https:\/\/1v1chat.cam\/hr\/wp-json\/wp\/v2\/pages"}],"about":[{"href":"https:\/\/1v1chat.cam\/hr\/wp-json\/wp\/v2\/types\/page"}],"author":[{"embeddable":true,"href":"https:\/\/1v1chat.cam\/hr\/wp-json\/wp\/v2\/users\/1"}],"replies":[{"embeddable":true,"href":"https:\/\/1v1chat.cam\/hr\/wp-json\/wp\/v2\/comments?post=141"}],"version-history":[{"count":1,"href":"https:\/\/1v1chat.cam\/hr\/wp-json\/wp\/v2\/pages\/141\/revisions"}],"predecessor-version":[{"id":321,"href":"https:\/\/1v1chat.cam\/hr\/wp-json\/wp\/v2\/pages\/141\/revisions\/321"}],"wp:attachment":[{"href":"https:\/\/1v1chat.cam\/hr\/wp-json\/wp\/v2\/media?parent=141"}],"curies":[{"name":"radni list","href":"https:\/\/api.w.org\/{rel}","templated":true}]}}